{"id":1763,"date":"2019-03-12T14:33:52","date_gmt":"2019-03-12T11:33:52","guid":{"rendered":"http:\/\/hukukdergi.erzincan.edu.tr\/?page_id=1763"},"modified":"2024-11-23T12:39:05","modified_gmt":"2024-11-23T09:39:05","slug":"danisma-kurulu","status":"publish","type":"page","link":"https:\/\/hukukdergi.ebyu.edu.tr\/?page_id=1763","title":{"rendered":"Dan\u0131\u015fma Kurulu"},"content":{"rendered":"<h3 class=\"kt-blog-post__title kt-heading kt-heading--md kt-heading--medium dergipark\">Dan\u0131\u015fma Kurulu<\/h3>\n<div class=\"j_board_desc\">\n<ul>\n<li>Prof. Dr. Abuzer KEND\u0130GELEN (\u0130stanbul \u00dcniversitesi Hukuk Fak\u00fcltesi, Ticaret Hukuku, \u0130stanbul, T\u00fcrkiye)<\/li>\n<li>Prof. Dr. Ali Cem BUDAK (\u0130stanbul Ticaret \u00dcniversitesi Hukuk Fak\u00fcltesi, Medeni Usul ve \u0130cra \u0130flas Hukuku, \u0130stanbul, T\u00fcrkiye)<\/li>\n<li>Prof. Dr. Ayhan CEYLAN (\u0130stanbul Ticaret \u00dcniversitesi Hukuk Fak\u00fcltesi, Hukuk Tarihi, \u0130stanbul, T\u00fcrkiye)<\/li>\n<li>Prof. Dr. Fatih U\u015eAN (Ankara Y\u0131ld\u0131r\u0131m Beyaz\u0131t \u00dcniversitesi Hukuk Fak\u00fcltesi, \u0130\u015f ve Sosyal G\u00fcvenlik Hukuku, Ankara, T\u00fcrkiye)<\/li>\n<li>Prof. Dr. \u0130lhan \u00dcZ\u00dcLMEZ (Ankara Hac\u0131 Bayram Veli \u00dcniversitesi Hukuk Fak\u00fcltesi, Ceza ve Ceza Muhakemesi Hukuku, Ankara, T\u00fcrkiye)<\/li>\n<li>Prof. Dr. Melik\u015fah YAS\u0130N (\u0130stanbul \u00dcniversitesi Hukuk Fak\u00fcltesi, \u0130dare Hukuku, \u0130stanbul, T\u00fcrkiye)<\/li>\n<li>Prof. Dr. Murat DO\u011eAN (Erciyes \u00dcniversitesi Hukuk Fak\u00fcltesi, Medeni Hukuk, Kayseri, T\u00fcrkiye)<\/li>\n<li>Prof. Dr. Nihat BULUT (\u0130stanbul Medipol \u00dcniversitesi Hukuk Fak\u00fcltesi, Genel Kamu Hukuku, \u0130stanbul, T\u00fcrkiye)<\/li>\n<li>Prof. Dr. Ramazan \u00c7A\u011eLAYAN (Ankara Hac\u0131 Bayram Veli \u00dcniversitesi Hukuk Fak\u00fcltesi, \u0130dare Hukuku, Ankara, T\u00fcrkiye)<\/li>\n<li>Prof. Dr. Sururi AKTA\u015e (Erzincan Binali Y\u0131ld\u0131r\u0131m \u00dcniversitesi Hukuk Fak\u00fcltesi, Hukuk Felsefesi ve Sosyolojisi, Erzincan, T\u00fcrkiye)<\/li>\n<li>Prof. Dr. \u015e\u00fckr\u00fc YILDIZ (\u0130bni Haldun \u00dcniversitesi Hukuk Fak\u00fcltesi, Ticaret Hukuku, \u0130stanbul, T\u00fcrkiye)<\/li>\n<li>Prof. Dr. Vahit DO\u011eAN (\u0130stanbul Ayd\u0131n \u00dcniversitesi Hukuk Fak\u00fcltesi, Milletleraras\u0131 \u00d6zel Hukuk, \u0130stanbul, T\u00fcrkiye)<\/li>\n<\/ul>\n<\/div>\n<p>&nbsp;<\/p>\n<div class=\"j_board_desc\">\n<h3 class=\"kt-blog-post__title kt-heading kt-heading--md kt-heading--medium dergipark\">Advisory Board<\/h3>\n<div class=\"j_board_desc\">\n<p>Prof. Dr. Abuzer KEND\u0130GELEN (\u0130stanbul University, Faculty of Law, Istanbul, Turkey)<\/p>\n<p>Prof. Dr. Ali Cem BUDAK (\u0130stanbul Ticaret University, Faculty of Law, Istanbul, Turkey)<\/p>\n<p>Prof. Dr. Ayhan CEYLAN (\u0130stanbul Ticaret University, Faculty of Law, Istanbul, Turkey)<\/p>\n<p>Prof. Dr. Fatih U\u015eAN (Ankara Y\u0131ld\u0131r\u0131m Beyaz\u0131t University, Faculty of Law, Ankara, Turkey)<\/p>\n<p>Prof. Dr. \u0130lhan \u00dcZ\u00dcLMEZ (Ankara Hac\u0131 Bayram Veli University, Faculty of Law, Ankara, Turkey)<\/p>\n<p>Prof. Dr. Melik\u015fah YAS\u0130N (\u0130stanbul University, Faculty of Law, Istanbul, Turkey)<\/p>\n<p>Prof. Dr. Murat DO\u011eAN (Erciyes University, Faculty of Law, Kayseri, Turkey)<\/p>\n<p>Prof. Dr. Nihat BULUT (\u0130stanbul Medipol University, Faculty of Law, Istanbul, Turkey)<\/p>\n<p>Prof. Dr. Ramazan \u00c7A\u011eLAYAN (Ankara Hac\u0131 Bayram Veli University, Faculty of Law, Ankara, Turkey)<\/p>\n<\/div>\n<\/div>\n<p>Prof. Dr. Sururi AKTA\u015e (Erzincan Binali Y\u0131ld\u0131r\u0131m University, Faculty of Law, Erzincan, Turkey)<\/p>\n<p>Prof. Dr. \u015e\u00fckr\u00fc YILDIZ (\u0130bni Haldun University, Faculty of Law, Istanbul, Turkey)<\/p>\n<div class=\"j_board_desc\">\n<div class=\"j_board_desc\">\n<p>Prof. Dr. Vahit DO\u011eAN (\u0130stanbul Ayd\u0131n University, Faculty of Law, Istanbul, Turkey)<\/p>\n<\/div>\n<\/div>\n","protected":false},"excerpt":{"rendered":"<p>Dan\u0131\u015fma Kurulu Prof. Dr. Abuzer KEND\u0130GELEN (\u0130stanbul \u00dcniversitesi Hukuk Fak\u00fcltesi, Ticaret Hukuku, \u0130stanbul, T\u00fcrkiye) Prof. Dr. Ali Cem BUDAK (\u0130stanbul Ticaret \u00dcniversitesi Hukuk Fak\u00fcltesi, Medeni Usul ve \u0130cra \u0130flas Hukuku, \u0130stanbul, T\u00fcrkiye) Prof. Dr. Ayhan CEYLAN (\u0130stanbul Ticaret \u00dcniversitesi Hukuk Fak\u00fcltesi, Hukuk Tarihi, \u0130stanbul, T\u00fcrkiye) Prof. Dr. Fatih U\u015eAN (Ankara Y\u0131ld\u0131r\u0131m Beyaz\u0131t \u00dcniversitesi Hukuk Fak\u00fcltesi,\u2026 <span class=\"read-more\"><a href=\"https:\/\/hukukdergi.ebyu.edu.tr\/?page_id=1763\">Read More &raquo;<\/a><\/span><\/p>\n","protected":false},"author":1,"featured_media":0,"parent":0,"menu_order":0,"comment_status":"closed","ping_status":"closed","template":"","meta":{"footnotes":""},"class_list":["post-1763","page","type-page","status-publish","hentry"],"_links":{"self":[{"href":"https:\/\/hukukdergi.ebyu.edu.tr\/index.php?rest_route=\/wp\/v2\/pages\/1763","targetHints":{"allow":["GET"]}}],"collection":[{"href":"https:\/\/hukukdergi.ebyu.edu.tr\/index.php?rest_route=\/wp\/v2\/pages"}],"about":[{"href":"https:\/\/hukukdergi.ebyu.edu.tr\/index.php?rest_route=\/wp\/v2\/types\/page"}],"author":[{"embeddable":true,"href":"https:\/\/hukukdergi.ebyu.edu.tr\/index.php?rest_route=\/wp\/v2\/users\/1"}],"replies":[{"embeddable":true,"href":"https:\/\/hukukdergi.ebyu.edu.tr\/index.php?rest_route=%2Fwp%2Fv2%2Fcomments&post=1763"}],"version-history":[{"count":14,"href":"https:\/\/hukukdergi.ebyu.edu.tr\/index.php?rest_route=\/wp\/v2\/pages\/1763\/revisions"}],"predecessor-version":[{"id":3325,"href":"https:\/\/hukukdergi.ebyu.edu.tr\/index.php?rest_route=\/wp\/v2\/pages\/1763\/revisions\/3325"}],"wp:attachment":[{"href":"https:\/\/hukukdergi.ebyu.edu.tr\/index.php?rest_route=%2Fwp%2Fv2%2Fmedia&parent=1763"}],"curies":[{"name":"wp","href":"https:\/\/api.w.org\/{rel}","templated":true}]}}