{"id":2,"date":"2015-10-20T14:08:18","date_gmt":"2015-10-20T11:08:18","guid":{"rendered":"http:\/\/hukukdergi.erzincan.edu.tr\/?page_id=2"},"modified":"2025-10-13T11:50:25","modified_gmt":"2025-10-13T08:50:25","slug":"ornek-sayfa","status":"publish","type":"page","link":"https:\/\/hukukdergi.ebyu.edu.tr\/","title":{"rendered":"EBY\u00dc-HFD"},"content":{"rendered":"<div><span style=\"font-family: 'book antiqua', palatino, serif;\"><a href=\"https:\/\/dergipark.org.tr\/tr\/download\/journal-file\/24269\"><img loading=\"lazy\" decoding=\"async\" class=\"note-float-left alignleft\" title=\"\" src=\"https:\/\/webftp.gazi.edu.tr\/be\/ogrenci_isleri\/icon\/duyuru.gif\" alt=\"duyuru.gif\" width=\"52\" height=\"40\" \/><\/a><\/span><\/div>\n<div><\/div>\n<div><span style=\"font-family: georgia, palatino, serif; font-size: 14pt;\">TRDizinde Taranmaya Ba\u015flanan Dergimiz,<i><b> Haziran 2026<\/b><\/i>\u00a0say\u0131s\u0131 i\u00e7in\u00a0makale al\u0131m\u0131na ba\u015flam\u0131\u015ft\u0131r.<\/span><\/div>\n<div>\n<hr \/>\n<\/div>\n<div style=\"text-align: justify;\"><span style=\"font-family: georgia, palatino, serif; font-size: 12pt;\"><a href=\"https:\/\/hukuk.ebyu.edu.tr\/\"><img loading=\"lazy\" decoding=\"async\" class=\"note-float-left alignleft\" title=\"\" src=\"https:\/\/upload.wikimedia.org\/wikipedia\/commons\/thumb\/0\/01\/Ebyuhukukfakultesi.jpg\/1200px-Ebyuhukukfakultesi.jpg\" alt=\"\" width=\"65\" height=\"65\" \/><\/a>Erzincan Binali Y\u0131ld\u0131r\u0131m \u00dcniversitesi Hukuk Fak\u00fcltesi Dergisi (EBY\u00dc-HFD), 1997 y\u0131l\u0131nda Atat\u00fcrk \u00dcniversitesi Erzincan Hukuk Fak\u00fcltesi Dergisi olarak yay\u0131n hayat\u0131na ba\u015flam\u0131\u015f, 2002 y\u0131l\u0131ndan itibaren de hakemli bir dergi olarak yay\u0131n hayat\u0131na devam etmektedir. Dergi, Haziran ve Aral\u0131k aylar\u0131nda olmak \u00fczere y\u0131lda iki kez yay\u0131mlanmaktad\u0131r.<\/span><\/div>\n<div style=\"text-align: justify;\">\n<p class=\"p\"><span style=\"font-family: georgia, palatino, serif; font-size: 12pt;\">EBY\u00dc-HFD, 2008-2014 y\u0131llar\u0131 aras\u0131nda ULAKB\u0130M TRDizin\u2019de taranm\u0131\u015ft\u0131r. <strong>2022 y\u0131l\u0131 itibariyle tekrar TRDizinde taranmaya ba\u015flam\u0131\u015ft\u0131r.<\/strong> \u00c7al\u0131\u015fmalar\u0131n\u0131z\u0131 <strong>Dergipark<\/strong> <a href=\"https:\/\/dergipark.org.tr\/tr\/journal\/3576\/submission\/step\/manuscript\/new\">makale g\u00f6nder<\/a>\u00a0butonundan g\u00f6nderebilirsiniz.<\/span><\/p>\n<p class=\"p\"><span style=\"font-family: georgia, palatino, serif; font-size: 12pt;\">Erzincan Binali Y\u0131ld\u0131r\u0131m \u00dcniversitesi Hukuk Fak\u00fcltesi Dergisi\u2019nin belirli bir say\u0131s\u0131na ula\u015fmak i\u00e7in \u201c<strong>Dergi Dizini<\/strong>\u201cnden yararlanabilirsiniz. T\u00fcm dergiler i\u00e7inde belirli bir ifadeyi (yazar ad\u0131, makale ba\u015fl\u0131\u011f\u0131, metin i\u00e7inde ge\u00e7en bir s\u00f6zc\u00fck ya da ifade vb.) aramak i\u00e7in bu sayfan\u0131n sa\u011f \u00fcst k\u00f6\u015fesinde g\u00f6rd\u00fc\u011f\u00fcn\u00fcz \u201c<strong>Sitede Arama<\/strong>\u201d ba\u011flant\u0131s\u0131n\u0131 kullanabilirsiniz.<\/span><\/p>\n<\/div>\n<p class=\"style4\" style=\"text-align: justify;\" align=\"justify\"><span style=\"font-size: 12pt; font-family: georgia, palatino, serif;\">Erzincan Binali Y\u0131ld\u0131r\u0131m \u00dcniversitesi Hukuk Fak\u00fcltesi Dergisi\u2019nin internet yay\u0131n\u0131na ili\u015fkin \u00f6neri ve ele\u015ftirilerinizi l\u00fctfen\u00a0<strong><a href=\"mailto:dergihukuk@erzincan.edu.tr\">bizimle payla\u015f\u0131n\u0131z<\/a>.<\/strong><\/span><\/p>\n<p class=\"style4\" style=\"text-align: justify;\" align=\"justify\"><span style=\"font-size: 12pt; font-family: georgia, palatino, serif;\"><a href=\"https:\/\/hukuk.ebyu.edu.tr\/\">\u00a9 Erzincan Binali Y\u0131ld\u0131r\u0131m \u00dcniversitesi Hukuk Fak\u00fcltesi<\/a>\u00a0\u2013 Her hakk\u0131 sakl\u0131d\u0131r. Bu sitede yer alan bilgi ve belgelerden akademik at\u0131f usullerine uyularak yararlan\u0131labilir. Erzincan \u00dcniversitesi Hukuk Fak\u00fcltesi Dergisi\u2019nin dijital kopyalar\u0131 bas\u0131l\u0131 orijinalleri ile ayn\u0131 g\u00f6r\u00fcn\u00fcme sahip olduklar\u0131 i\u00e7in dergilere yap\u0131lacak at\u0131flar\u0131n bu siteye de\u011fil bas\u0131l\u0131 orijinallere yap\u0131lmas\u0131n\u0131 rica ederiz.<\/span><\/p>\n<p align=\"justify\"><span style=\"font-family: georgia, palatino, serif;\">EBY\u00dc-HFD Makale tasla\u011f\u0131 indirmek i\u00e7in <a href=\"https:\/\/dergipark.org.tr\/tr\/download\/journal-file\/24269\">buraya t\u0131klay\u0131n\u0131z.<\/a><\/span><\/p>\n<p>&nbsp;<\/p>\n<p style=\"text-align: center;\"><span style=\"font-family: georgia, palatino, serif; font-size: 12pt;\">Bu eser <a href=\"https:\/\/creativecommons.org\/licenses\/by-nc\/4.0\/deed.tr\"><b>At\u0131f GayriTicari 4.0 Uluslararas\u0131 (CC BY-NC 4.0)<\/b><\/a> ile lisanslanm\u0131\u015ft\u0131r.<\/span><\/p>\n<p><a href=\"https:\/\/scholar.google.com\/scholar?start=20&amp;q=erzincan+hukuk+fak%C3%BCltesi+dergisi&amp;hl=tr&amp;as_sdt=0,5\"><img loading=\"lazy\" decoding=\"async\" class=\"alignnone wp-image-3093\" src=\"https:\/\/hukukdergi.ebyu.edu.tr\/wp-content\/uploads\/2022\/07\/google.jpg\" alt=\"\" width=\"100\" height=\"67\" \/><\/a><a href=\"https:\/\/www.acarindex.com\/journals\/erzincan-binali-yildirim-universitesi-hukuk-fakultesi-dergisi-4622\"><img loading=\"lazy\" decoding=\"async\" class=\"alignnone wp-image-3194\" src=\"https:\/\/hukukdergi.ebyu.edu.tr\/wp-content\/uploads\/2023\/01\/acarindex-300x153.jpg\" alt=\"\" width=\"130\" height=\"66\" srcset=\"https:\/\/hukukdergi.ebyu.edu.tr\/wp-content\/uploads\/2023\/01\/acarindex-300x153.jpg 300w, https:\/\/hukukdergi.ebyu.edu.tr\/wp-content\/uploads\/2023\/01\/acarindex-660x336.jpg 660w, https:\/\/hukukdergi.ebyu.edu.tr\/wp-content\/uploads\/2023\/01\/acarindex.jpg 768w\" sizes=\"auto, (max-width: 130px) 100vw, 130px\" \/><\/a><a href=\"http:\/\/openaccess.izmirakademi.org\/journal\/ebyuhfd\/486\"><img loading=\"lazy\" decoding=\"async\" class=\"alignnone wp-image-3199\" src=\"https:\/\/hukukdergi.ebyu.edu.tr\/wp-content\/uploads\/2023\/01\/iad_indexed-minimal_openaccess-transparantbck-300x111.png\" alt=\"\" width=\"165\" height=\"61\" srcset=\"https:\/\/hukukdergi.ebyu.edu.tr\/wp-content\/uploads\/2023\/01\/iad_indexed-minimal_openaccess-transparantbck-300x111.png 300w, https:\/\/hukukdergi.ebyu.edu.tr\/wp-content\/uploads\/2023\/01\/iad_indexed-minimal_openaccess-transparantbck-1024x380.png 1024w, https:\/\/hukukdergi.ebyu.edu.tr\/wp-content\/uploads\/2023\/01\/iad_indexed-minimal_openaccess-transparantbck-768x285.png 768w, https:\/\/hukukdergi.ebyu.edu.tr\/wp-content\/uploads\/2023\/01\/iad_indexed-minimal_openaccess-transparantbck-1536x570.png 1536w, https:\/\/hukukdergi.ebyu.edu.tr\/wp-content\/uploads\/2023\/01\/iad_indexed-minimal_openaccess-transparantbck-2048x761.png 2048w, https:\/\/hukukdergi.ebyu.edu.tr\/wp-content\/uploads\/2023\/01\/iad_indexed-minimal_openaccess-transparantbck-660x245.png 660w\" sizes=\"auto, (max-width: 165px) 100vw, 165px\" \/><\/a><a href=\"https:\/\/europub.co.uk\/journals\/erzincan-binali-yildirim-universitesi-hukuk-fakultesi-dergisi-J-29533\"><img loading=\"lazy\" decoding=\"async\" class=\"alignnone size-medium wp-image-3092\" src=\"https:\/\/hukukdergi.ebyu.edu.tr\/wp-content\/uploads\/2022\/07\/epub.png\" alt=\"\" width=\"100\" height=\"94\" \/><\/a><a href=\"https:\/\/asosindex.com.tr\/index.jsp?modul=journal-page&amp;journal-id=2934\"><img loading=\"lazy\" decoding=\"async\" class=\"alignnone wp-image-3091\" src=\"https:\/\/hukukdergi.ebyu.edu.tr\/wp-content\/uploads\/2022\/07\/asos.jpg\" alt=\"\" width=\"107\" height=\"107\" \/><img decoding=\"async\" class=\"logo-main scale-with-grid \" src=\"https:\/\/trdizin.gov.tr\/wp-content\/uploads\/2022\/04\/TRDizinlogo_live-e1586763957746.png\" alt=\"TRDizin\" data-retina=\"\" data-height=\"52\" data-no-retina=\"\" \/><\/a><\/p>\n<p>&nbsp;<\/p>\n","protected":false},"excerpt":{"rendered":"<p>TRDizinde Taranmaya Ba\u015flanan Dergimiz, Haziran 2026\u00a0say\u0131s\u0131 i\u00e7in\u00a0makale al\u0131m\u0131na ba\u015flam\u0131\u015ft\u0131r. Erzincan Binali Y\u0131ld\u0131r\u0131m \u00dcniversitesi Hukuk Fak\u00fcltesi Dergisi (EBY\u00dc-HFD), 1997 y\u0131l\u0131nda Atat\u00fcrk \u00dcniversitesi Erzincan Hukuk Fak\u00fcltesi Dergisi olarak yay\u0131n hayat\u0131na ba\u015flam\u0131\u015f, 2002 y\u0131l\u0131ndan itibaren de hakemli bir dergi olarak yay\u0131n hayat\u0131na devam etmektedir. Dergi, Haziran ve Aral\u0131k aylar\u0131nda olmak \u00fczere y\u0131lda iki kez yay\u0131mlanmaktad\u0131r. EBY\u00dc-HFD, 2008-2014 y\u0131llar\u0131\u2026 <span class=\"read-more\"><a href=\"https:\/\/hukukdergi.ebyu.edu.tr\/\">Read More &raquo;<\/a><\/span><\/p>\n","protected":false},"author":1,"featured_media":3269,"parent":0,"menu_order":0,"comment_status":"closed","ping_status":"closed","template":"","meta":{"footnotes":""},"class_list":["post-2","page","type-page","status-publish","has-post-thumbnail","hentry"],"_links":{"self":[{"href":"https:\/\/hukukdergi.ebyu.edu.tr\/index.php?rest_route=\/wp\/v2\/pages\/2","targetHints":{"allow":["GET"]}}],"collection":[{"href":"https:\/\/hukukdergi.ebyu.edu.tr\/index.php?rest_route=\/wp\/v2\/pages"}],"about":[{"href":"https:\/\/hukukdergi.ebyu.edu.tr\/index.php?rest_route=\/wp\/v2\/types\/page"}],"author":[{"embeddable":true,"href":"https:\/\/hukukdergi.ebyu.edu.tr\/index.php?rest_route=\/wp\/v2\/users\/1"}],"replies":[{"embeddable":true,"href":"https:\/\/hukukdergi.ebyu.edu.tr\/index.php?rest_route=%2Fwp%2Fv2%2Fcomments&post=2"}],"version-history":[{"count":70,"href":"https:\/\/hukukdergi.ebyu.edu.tr\/index.php?rest_route=\/wp\/v2\/pages\/2\/revisions"}],"predecessor-version":[{"id":3513,"href":"https:\/\/hukukdergi.ebyu.edu.tr\/index.php?rest_route=\/wp\/v2\/pages\/2\/revisions\/3513"}],"wp:featuredmedia":[{"embeddable":true,"href":"https:\/\/hukukdergi.ebyu.edu.tr\/index.php?rest_route=\/wp\/v2\/media\/3269"}],"wp:attachment":[{"href":"https:\/\/hukukdergi.ebyu.edu.tr\/index.php?rest_route=%2Fwp%2Fv2%2Fmedia&parent=2"}],"curies":[{"name":"wp","href":"https:\/\/api.w.org\/{rel}","templated":true}]}}