{"id":2016,"date":"2019-03-15T10:57:24","date_gmt":"2019-03-15T07:57:24","guid":{"rendered":"http:\/\/hukukdergi.erzincan.edu.tr\/?page_id=2016"},"modified":"2024-11-08T22:58:41","modified_gmt":"2024-11-08T19:58:41","slug":"yayin-kurulu","status":"publish","type":"page","link":"https:\/\/hukukdergi.ebyu.edu.tr\/?page_id=2016","title":{"rendered":"Yay\u0131n Kurulu"},"content":{"rendered":"<h3 class=\"kt-blog-post__title kt-heading kt-heading--md kt-heading--medium dergipark\">Yay\u0131n Kurulu<\/h3>\n<div class=\"j_board_desc\">\n<ul>\n<li>Prof. Dr. Ayhan D\u00d6NER (Erzincan Binali Y\u0131ld\u0131r\u0131m \u00dcniversitesi Hukuk Fak\u00fcltesi, Anayasa Hukuku, Erzincan, T\u00fcrkiye)<\/li>\n<li>Prof. Dr. Cem BAYGIN (Erzincan Binali Y\u0131ld\u0131r\u0131m \u00dcniversitesi Hukuk Fak\u00fcltesi, Medeni Hukuk, Erzincan, T\u00fcrkiye)<\/li>\n<li>Prof. Dr. \u0130brahim \u00d6ZBAY (Tokat Gaziosmanpa\u015fa \u00dcniversitesi Hukuk Fak\u00fcltesi, Medeni Usul ve \u0130cra \u0130flas Hukuku, Tokat, T\u00fcrkiye)<\/li>\n<li>Prof. Dr. \u015eafak NARBAY (Sakarya \u00dcniversitesi Hukuk Fak\u00fcltesi, Ticaret Hukuku, Sakarya, T\u00fcrkiye)<\/li>\n<li>Do\u00e7. Dr. Z\u00fclk\u00fcf AYRANG\u00d6L (Erzincan Binali Y\u0131ld\u0131r\u0131m \u00dcniversitesi Hukuk Fak\u00fcltesi, Mali Hukuk, Erzincan, T\u00fcrkiye)<\/li>\n<li>Do\u00e7. Dr. Ercan SARICAO\u011eLU, (Trabzon \u00dcniversitesi Hukuk Fak\u00fcltesi, Vergi Hukuku, Trabzon, T\u00fcrkiye)<\/li>\n<li>Dr. \u00d6\u011fr. \u00dcyesi Fatih AYDEM\u0130R, (Erzincan Binali Y\u0131ld\u0131r\u0131m \u00dcniversitesi Hukuk Fak\u00fcltesi, Medeni Usul ve \u0130cra \u0130flas Hukuku, Erzincan, T\u00fcrkiye)<\/li>\n<\/ul>\n<p>&nbsp;<\/p>\n<h3 class=\"kt-blog-post__title kt-heading kt-heading--md kt-heading--medium dergipark\">Editorial Board<\/h3>\n<div class=\"j_board_desc\">\n<p>Prof. Dr. Ayhan D\u00d6NER (Erzincan Binali Y\u0131ld\u0131r\u0131m University, Faculty of Law, Erzincan, Turkey)<\/p>\n<p>Prof. Dr. Cem BAYGIN (Erzincan Binali Y\u0131ld\u0131r\u0131m University, Faculty of Law, Erzincan, Turkey)<\/p>\n<p>Prof. Dr. \u0130brahim \u00d6ZBAY (Tokat Gaziosmanpa\u015fa University, Faculty of Law, Tokat, Turkey)<\/p>\n<p>Prof. Dr. \u015eafak NARBAY (Sakarya University, Faculty of Law, Sakarya, Turkey)<\/p>\n<p>Assoc. Prof. Dr. Z\u00fclk\u00fcf AYRANG\u00d6L (Erzincan Binali Y\u0131ld\u0131r\u0131m University, Faculty of Law, Erzincan, Turkey)<\/p>\n<p>Assoc. Prof. Dr. Ercan SARICAO\u011eLU, (Trabzon University, Faculty of Law, Trabzon, Turkey)<\/p>\n<p>Assist. Prof. Dr. Fatih AYDEM\u0130R, (Erzincan Binali Y\u0131ld\u0131r\u0131m University, Faculty of Law, Erzincan, Turkey)<\/p>\n<p>&nbsp;<\/p>\n<\/div>\n<\/div>\n","protected":false},"excerpt":{"rendered":"<p>Yay\u0131n Kurulu Prof. Dr. Ayhan D\u00d6NER (Erzincan Binali Y\u0131ld\u0131r\u0131m \u00dcniversitesi Hukuk Fak\u00fcltesi, Anayasa Hukuku, Erzincan, T\u00fcrkiye) Prof. Dr. Cem BAYGIN (Erzincan Binali Y\u0131ld\u0131r\u0131m \u00dcniversitesi Hukuk Fak\u00fcltesi, Medeni Hukuk, Erzincan, T\u00fcrkiye) Prof. Dr. \u0130brahim \u00d6ZBAY (Tokat Gaziosmanpa\u015fa \u00dcniversitesi Hukuk Fak\u00fcltesi, Medeni Usul ve \u0130cra \u0130flas Hukuku, Tokat, T\u00fcrkiye) Prof. Dr. \u015eafak NARBAY (Sakarya \u00dcniversitesi Hukuk Fak\u00fcltesi,\u2026 <span class=\"read-more\"><a href=\"https:\/\/hukukdergi.ebyu.edu.tr\/?page_id=2016\">Read More &raquo;<\/a><\/span><\/p>\n","protected":false},"author":5,"featured_media":0,"parent":0,"menu_order":0,"comment_status":"closed","ping_status":"closed","template":"","meta":{"footnotes":""},"class_list":["post-2016","page","type-page","status-publish","hentry"],"_links":{"self":[{"href":"https:\/\/hukukdergi.ebyu.edu.tr\/index.php?rest_route=\/wp\/v2\/pages\/2016","targetHints":{"allow":["GET"]}}],"collection":[{"href":"https:\/\/hukukdergi.ebyu.edu.tr\/index.php?rest_route=\/wp\/v2\/pages"}],"about":[{"href":"https:\/\/hukukdergi.ebyu.edu.tr\/index.php?rest_route=\/wp\/v2\/types\/page"}],"author":[{"embeddable":true,"href":"https:\/\/hukukdergi.ebyu.edu.tr\/index.php?rest_route=\/wp\/v2\/users\/5"}],"replies":[{"embeddable":true,"href":"https:\/\/hukukdergi.ebyu.edu.tr\/index.php?rest_route=%2Fwp%2Fv2%2Fcomments&post=2016"}],"version-history":[{"count":21,"href":"https:\/\/hukukdergi.ebyu.edu.tr\/index.php?rest_route=\/wp\/v2\/pages\/2016\/revisions"}],"predecessor-version":[{"id":3324,"href":"https:\/\/hukukdergi.ebyu.edu.tr\/index.php?rest_route=\/wp\/v2\/pages\/2016\/revisions\/3324"}],"wp:attachment":[{"href":"https:\/\/hukukdergi.ebyu.edu.tr\/index.php?rest_route=%2Fwp%2Fv2%2Fmedia&parent=2016"}],"curies":[{"name":"wp","href":"https:\/\/api.w.org\/{rel}","templated":true}]}}