{"id":2725,"date":"2021-05-06T15:39:13","date_gmt":"2021-05-06T12:39:13","guid":{"rendered":"https:\/\/hukukdergi.ebyu.edu.tr\/?page_id=2725"},"modified":"2022-12-24T23:19:27","modified_gmt":"2022-12-24T20:19:27","slug":"amac-ve-kapsam","status":"publish","type":"page","link":"https:\/\/hukukdergi.ebyu.edu.tr\/?page_id=2725","title":{"rendered":"Ama\u00e7 ve Kapsam"},"content":{"rendered":"<p class=\"p\">Erzincan Binali Y\u0131ld\u0131r\u0131m \u00dcniversitesi Hukuk Fak\u00fcltesi Dergisi (EBY\u00dc-HFD), hukuk alan\u0131nda ve hukukla ba\u011flant\u0131l\u0131 di\u011fer bilim alanlar\u0131nda, \u00f6zg\u00fcn ve nitelikli bilimsel \u00e7al\u0131\u015fmalar\u0131n yay\u0131mlanmas\u0131 suretiyle ulusal ve uluslararas\u0131 literat\u00fcre katk\u0131da bulunmay\u0131 ama\u00e7lamaktad\u0131r.<\/p>\n<p class=\"p\">Erzincan Binali Y\u0131ld\u0131r\u0131m \u00dcniversitesi Hukuk Fak\u00fcltesi Dergisi\u2019nin (EBY\u00dc-HFD) i\u00e7eri\u011fi, akademisyen, ara\u015ft\u0131rmac\u0131 ve uygulay\u0131c\u0131lardan gelen, hukuk ve hukukla ba\u011flant\u0131l\u0131 disiplinler aras\u0131 nitelikteki makale, karar incelemesi, mevzuat de\u011ferlendirmesi, kitap incelemesi ve \u00e7eviri t\u00fcr\u00fcndeki \u00f6zg\u00fcn bilimsel \u00e7al\u0131\u015fmalard\u0131r.<\/p>\n<hr \/>\n<p>Erzincan Law Review (ErLR) aims to contribute to the national and international literature by publishing original and qualified scientific works in the field of law and the other scientific fields, which are related to the law.<\/p>\n<p>Erzincan Law Review (ErLR) consists of original scientific studies, such as law and law-related interdisciplinary articles, decision reviews, legislative evaluations, book reviews and translations, which are submitted by academics, researchers and practitioners.<\/p>\n","protected":false},"excerpt":{"rendered":"<p>Erzincan Binali Y\u0131ld\u0131r\u0131m \u00dcniversitesi Hukuk Fak\u00fcltesi Dergisi (EBY\u00dc-HFD), hukuk alan\u0131nda ve hukukla ba\u011flant\u0131l\u0131 di\u011fer bilim alanlar\u0131nda, \u00f6zg\u00fcn ve nitelikli bilimsel \u00e7al\u0131\u015fmalar\u0131n yay\u0131mlanmas\u0131 suretiyle ulusal ve uluslararas\u0131 literat\u00fcre katk\u0131da bulunmay\u0131 ama\u00e7lamaktad\u0131r. Erzincan Binali Y\u0131ld\u0131r\u0131m \u00dcniversitesi Hukuk Fak\u00fcltesi Dergisi\u2019nin (EBY\u00dc-HFD) i\u00e7eri\u011fi, akademisyen, ara\u015ft\u0131rmac\u0131 ve uygulay\u0131c\u0131lardan gelen, hukuk ve hukukla ba\u011flant\u0131l\u0131 disiplinler aras\u0131 nitelikteki makale, karar incelemesi, mevzuat\u2026 <span class=\"read-more\"><a href=\"https:\/\/hukukdergi.ebyu.edu.tr\/?page_id=2725\">Read More &raquo;<\/a><\/span><\/p>\n","protected":false},"author":5,"featured_media":0,"parent":0,"menu_order":0,"comment_status":"closed","ping_status":"closed","template":"","meta":{"footnotes":""},"class_list":["post-2725","page","type-page","status-publish","hentry"],"_links":{"self":[{"href":"https:\/\/hukukdergi.ebyu.edu.tr\/index.php?rest_route=\/wp\/v2\/pages\/2725","targetHints":{"allow":["GET"]}}],"collection":[{"href":"https:\/\/hukukdergi.ebyu.edu.tr\/index.php?rest_route=\/wp\/v2\/pages"}],"about":[{"href":"https:\/\/hukukdergi.ebyu.edu.tr\/index.php?rest_route=\/wp\/v2\/types\/page"}],"author":[{"embeddable":true,"href":"https:\/\/hukukdergi.ebyu.edu.tr\/index.php?rest_route=\/wp\/v2\/users\/5"}],"replies":[{"embeddable":true,"href":"https:\/\/hukukdergi.ebyu.edu.tr\/index.php?rest_route=%2Fwp%2Fv2%2Fcomments&post=2725"}],"version-history":[{"count":6,"href":"https:\/\/hukukdergi.ebyu.edu.tr\/index.php?rest_route=\/wp\/v2\/pages\/2725\/revisions"}],"predecessor-version":[{"id":3143,"href":"https:\/\/hukukdergi.ebyu.edu.tr\/index.php?rest_route=\/wp\/v2\/pages\/2725\/revisions\/3143"}],"wp:attachment":[{"href":"https:\/\/hukukdergi.ebyu.edu.tr\/index.php?rest_route=%2Fwp%2Fv2%2Fmedia&parent=2725"}],"curies":[{"name":"wp","href":"https:\/\/api.w.org\/{rel}","templated":true}]}}