{"id":2825,"date":"2021-06-15T15:13:40","date_gmt":"2021-06-15T12:13:40","guid":{"rendered":"https:\/\/hukukdergi.ebyu.edu.tr\/?page_id=2825"},"modified":"2025-04-30T15:22:05","modified_gmt":"2025-04-30T12:22:05","slug":"editorler","status":"publish","type":"page","link":"https:\/\/hukukdergi.ebyu.edu.tr\/?page_id=2825","title":{"rendered":"Edit\u00f6r Kurulu"},"content":{"rendered":"<p><strong>Edit\u00f6r Kurulu<\/strong><\/p>\n<p><b>Edit\u00f6rler<\/b><\/p>\n<p style=\"text-align: center;\"><b>Ba\u015f Edit\u00f6r<\/b><\/p>\n<p>Prof. Dr. Ayhan D\u00d6NER (Erzincan Binali Y\u0131ld\u0131r\u0131m \u00dcniversitesi Hukuk Fak\u00fcltesi, Anayasa Hukuku, Erzincan, T\u00fcrkiye)<\/p>\n<p>&nbsp;<\/p>\n<p style=\"text-align: center;\"><b>Kamu Hukuku Alan Edit\u00f6rleri<\/b><\/p>\n<p>Prof. Dr. Ayhan D\u00d6NER (Erzincan Binali Y\u0131ld\u0131r\u0131m \u00dcniversitesi Hukuk Fak\u00fcltesi, Anayasa Hukuku, Erzincan, T\u00fcrkiye)<\/p>\n<p>Do\u00e7. Dr. \u0130smail K\u00d6K\u00dcSARI (Erzincan Binali Y\u0131ld\u0131r\u0131m \u00dcniversitesi Hukuk Fak\u00fcltesi, Anayasa Hukuku, Erzincan, T\u00fcrkiye)<\/p>\n<p>Dr. \u00d6\u011fr. \u00dcyesi Mustafa \u00c7\u0130\u00c7EK (Erzincan Binali Y\u0131ld\u0131r\u0131m \u00dcniversitesi Hukuk Fak\u00fcltesi, Ceza ve Ceza Muhakemesi Hukuku, Erzincan, T\u00fcrkiye)<\/p>\n<p>&nbsp;<\/p>\n<p style=\"text-align: center;\"><b>\u00d6zel Hukuk Alan Edit\u00f6rleri<\/b><\/p>\n<p>Do\u00e7. Dr. Hatice Duygu \u00d6ZER (Erzincan Binali Y\u0131ld\u0131r\u0131m \u00dcniversitesi Hukuk Fak\u00fcltesi, \u0130\u015f ve Sosyal G\u00fcvenlik Hukuku, Erzincan, T\u00fcrkiye)<\/p>\n<p>Dr. \u00d6\u011fr. \u00dcyesi Nagehan OKUMU\u015e (Erzincan Binali Y\u0131ld\u0131r\u0131m \u00dcniversitesi Hukuk Fak\u00fcltesi, Medeni Usul ve \u0130cra-\u0130flas Hukuku, Erzincan, T\u00fcrkiye)<\/p>\n<p>Dr. \u00d6\u011fr. \u00dcyesi \u015eeng\u00fcl AL KILI\u00c7 (Erzincan Binali Y\u0131ld\u0131r\u0131m \u00dcniversitesi Hukuk Fak\u00fcltesi, Ticaret Hukuku, Erzincan, T\u00fcrkiye)<\/p>\n<p>Dr. \u00d6\u011fr. \u00dcyesi Meltem BULUT (Erzincan Binali Y\u0131ld\u0131r\u0131m \u00dcniversitesi Hukuk Fak\u00fcltesi, Medeni Hukuk, Erzincan, T\u00fcrkiye)<\/p>\n<p>&nbsp;<\/p>\n<p style=\"text-align: center;\"><b>Yabanc\u0131 Dil Edit\u00f6r\u00fc<\/b><\/p>\n<p>Dr. \u00d6\u011fr. \u00dcyesi Melih S\u00d6NMEZ (Erzincan Binali Y\u0131ld\u0131r\u0131m \u00dcniversitesi Hukuk Fak\u00fcltesi, Ticaret Hukuku, Erzincan, T\u00fcrkiye)<\/p>\n<hr \/>\n<p style=\"text-align: center;\"><b>Edit\u00f6r Yard\u0131mc\u0131lar\u0131<\/b><\/p>\n<p>Ar\u015f. G\u00f6r. Maide POLAT (Erzincan Binali Y\u0131ld\u0131r\u0131m \u00dcniversitesi Hukuk Fak\u00fcltesi, Milletleraras\u0131 Hukuk, Erzincan, T\u00fcrkiye)<\/p>\n<p>Ar\u015f. G\u00f6r. Fuat ALTUNTA\u015e (Erzincan Binali Y\u0131ld\u0131r\u0131m \u00dcniversitesi Hukuk Fak\u00fcltesi, Hukuk Felsefesi ve Sosyolojisi, Erzincan, T\u00fcrkiye)<\/p>\n<p>Ar\u015f. G\u00f6r. Erdo\u011fan KESK\u0130N (Erzincan Binali Y\u0131ld\u0131r\u0131m \u00dcniversitesi Hukuk Fak\u00fcltesi, Anayasa Hukuku, Erzincan, T\u00fcrkiye)<\/p>\n<p>Ar\u015f. G\u00f6r. Ahmet T\u00f6resin ODLUYURT (Erzincan Binali Y\u0131ld\u0131r\u0131m \u00dcniversitesi Hukuk Fak\u00fcltesi, \u0130dare Hukuku, Erzincan, T\u00fcrkiye)<\/p>\n<p>Ar\u015f. G\u00f6r. Ensar ERCAN (Erzincan Binali Y\u0131ld\u0131r\u0131m \u00dcniversitesi Hukuk Fak\u00fcltesi, Ticaret Hukuku, Erzincan, T\u00fcrkiye)<\/p>\n<p>Ar\u015f. G\u00f6r. Elif \u00d6ZDEM\u0130R (Erzincan Binali Y\u0131ld\u0131r\u0131m \u00dcniversitesi Hukuk Fak\u00fcltesi, Hukuk Tarihi, Erzincan, T\u00fcrkiye)<\/p>\n<p>&nbsp;<\/p>\n<p><strong>Editors and Co-Editors<\/strong><\/p>\n<p><b>Editors<\/b><\/p>\n<p style=\"text-align: center;\"><strong>Editor in Chief<\/strong><\/p>\n<p>Prof. Dr. Ayhan D\u00d6NER (Erzincan Binali Y\u0131ld\u0131r\u0131m University, Faculty of Law, Erzincan, Turkey)<\/p>\n<p>&nbsp;<\/p>\n<p style=\"text-align: center;\"><strong>Public Law Department Editor<\/strong><\/p>\n<p>Prof. Dr. Ayhan D\u00d6NER (Erzincan Binali Y\u0131ld\u0131r\u0131m University, Faculty of Law, Erzincan, Turkey)<\/p>\n<p>Assoc. Prof. Dr. \u0130smail K\u00d6K\u00dcSARI (Erzincan Binali Y\u0131ld\u0131r\u0131m University, Faculty of Law, Erzincan, Turkey)<\/p>\n<p>Assist. Prof. Dr. Mustafa \u00c7\u0130\u00c7EK\u00a0(Erzincan Binali Y\u0131ld\u0131r\u0131m University, Faculty of Law, Erzincan, Turkey)<\/p>\n<p>&nbsp;<\/p>\n<p style=\"text-align: center;\"><strong>Private Law Department Editor<\/strong><\/p>\n<p>Assoc. Prof. Dr. Hatice Duygu \u00d6ZER (Erzincan Binali Y\u0131ld\u0131r\u0131m University, Faculty of Law, Erzincan, Turkey)<\/p>\n<p>Assist. Prof. Dr. Nagehan OKUMU\u015e (Erzincan Binali Y\u0131ld\u0131r\u0131m University, Faculty of Law, Erzincan, Turkey)<\/p>\n<p>Assist. Prof. Dr. \u015eeng\u00fcl AL KILI\u00c7 (Erzincan Binali Y\u0131ld\u0131r\u0131m University, Faculty of Law, Erzincan, Turkey)<\/p>\n<p>Assist. Prof. Dr. Meltem BULUT (Erzincan Binali Y\u0131ld\u0131r\u0131m University, Faculty of Law, Erzincan, Turkey)<\/p>\n<p>&nbsp;<\/p>\n<p style=\"text-align: center;\"><strong>Foreign Language Editor<\/strong><\/p>\n<p>Assist. Prof. Dr. Melih S\u00d6NMEZ (Erzincan Binali Y\u0131ld\u0131r\u0131m University, Faculty of Law, Erzincan, Turkey)<\/p>\n<p>&nbsp;<\/p>\n<p style=\"text-align: center;\"><b>Co-Editors<\/b><\/p>\n<p>Research Assist. Maide POLAT (Erzincan Binali Y\u0131ld\u0131r\u0131m University, Faculty of Law, Erzincan, Turkey)<\/p>\n<p>Research Assist. Fuat ALTUNTA\u015e (Erzincan Binali Y\u0131ld\u0131r\u0131m University, Faculty of Law, Erzincan, Turkey)<\/p>\n<p>Research Assist. Erdo\u011fan KESK\u0130N (Erzincan Binali Y\u0131ld\u0131r\u0131m University, Faculty of Law, Erzincan, Turkey)<\/p>\n<p>Research Assist. Ahmet T\u00f6resin ODLUYURT (Erzincan Binali Y\u0131ld\u0131r\u0131m University, Faculty of Law, Erzincan, Turkey)<\/p>\n<p>Research Assist. Ensar ERCAN (Erzincan Binali Y\u0131ld\u0131r\u0131m University, Faculty of Law, Erzincan, Turkey)<\/p>\n<p>Research Assist. Elif \u00d6ZDEM\u0130R (Erzincan Binali Y\u0131ld\u0131r\u0131m University, Faculty of Law, Erzincan, Turkey)<\/p>\n<p>&nbsp;<\/p>\n","protected":false},"excerpt":{"rendered":"<p>Edit\u00f6r Kurulu Edit\u00f6rler Ba\u015f Edit\u00f6r Prof. Dr. Ayhan D\u00d6NER (Erzincan Binali Y\u0131ld\u0131r\u0131m \u00dcniversitesi Hukuk Fak\u00fcltesi, Anayasa Hukuku, Erzincan, T\u00fcrkiye) &nbsp; Kamu Hukuku Alan Edit\u00f6rleri Prof. Dr. Ayhan D\u00d6NER (Erzincan Binali Y\u0131ld\u0131r\u0131m \u00dcniversitesi Hukuk Fak\u00fcltesi, Anayasa Hukuku, Erzincan, T\u00fcrkiye) Do\u00e7. Dr. \u0130smail K\u00d6K\u00dcSARI (Erzincan Binali Y\u0131ld\u0131r\u0131m \u00dcniversitesi Hukuk Fak\u00fcltesi, Anayasa Hukuku, Erzincan, T\u00fcrkiye) Dr. \u00d6\u011fr. \u00dcyesi\u2026 <span class=\"read-more\"><a href=\"https:\/\/hukukdergi.ebyu.edu.tr\/?page_id=2825\">Read More &raquo;<\/a><\/span><\/p>\n","protected":false},"author":7,"featured_media":0,"parent":0,"menu_order":0,"comment_status":"closed","ping_status":"closed","template":"","meta":{"footnotes":""},"class_list":["post-2825","page","type-page","status-publish","hentry"],"_links":{"self":[{"href":"https:\/\/hukukdergi.ebyu.edu.tr\/index.php?rest_route=\/wp\/v2\/pages\/2825","targetHints":{"allow":["GET"]}}],"collection":[{"href":"https:\/\/hukukdergi.ebyu.edu.tr\/index.php?rest_route=\/wp\/v2\/pages"}],"about":[{"href":"https:\/\/hukukdergi.ebyu.edu.tr\/index.php?rest_route=\/wp\/v2\/types\/page"}],"author":[{"embeddable":true,"href":"https:\/\/hukukdergi.ebyu.edu.tr\/index.php?rest_route=\/wp\/v2\/users\/7"}],"replies":[{"embeddable":true,"href":"https:\/\/hukukdergi.ebyu.edu.tr\/index.php?rest_route=%2Fwp%2Fv2%2Fcomments&post=2825"}],"version-history":[{"count":14,"href":"https:\/\/hukukdergi.ebyu.edu.tr\/index.php?rest_route=\/wp\/v2\/pages\/2825\/revisions"}],"predecessor-version":[{"id":3378,"href":"https:\/\/hukukdergi.ebyu.edu.tr\/index.php?rest_route=\/wp\/v2\/pages\/2825\/revisions\/3378"}],"wp:attachment":[{"href":"https:\/\/hukukdergi.ebyu.edu.tr\/index.php?rest_route=%2Fwp%2Fv2%2Fmedia&parent=2825"}],"curies":[{"name":"wp","href":"https:\/\/api.w.org\/{rel}","templated":true}]}}