{"id":2828,"date":"2021-06-15T15:15:03","date_gmt":"2021-06-15T12:15:03","guid":{"rendered":"https:\/\/hukukdergi.ebyu.edu.tr\/?page_id=2828"},"modified":"2022-12-24T23:25:55","modified_gmt":"2022-12-24T20:25:55","slug":"etik-ilkeler-ve-yayin-politikasi","status":"publish","type":"page","link":"https:\/\/hukukdergi.ebyu.edu.tr\/?page_id=2828","title":{"rendered":"Etik \u0130lkeler ve Yay\u0131n Politikas\u0131"},"content":{"rendered":"<h1 class=\"kt-blog-post__title kt-heading kt-heading--lg kt-heading--medium\" style=\"text-align: center;\">Etik \u0130lkeler ve Yay\u0131n Politikas\u0131<\/h1>\n<p>Erzincan Binali Y\u0131ld\u0131r\u0131m \u00dcniversitesi Hukuk Fak\u00fcltesi Dergisi\u2019ne (EBY\u00dc-HFD) g\u00f6nderilen bilimsel \u00e7al\u0131\u015fmalarda, Y\u00fcksek\u00f6\u011fretim Kurulu Bilimsel Ara\u015ft\u0131rma ve Yay\u0131n Eti\u011fi Y\u00f6nergesi ve COPE (Committee on Publication Ethics)\u2019un Edit\u00f6r ve Yazarlar i\u00e7in Uluslararas\u0131 Standartlar\u0131 dikkate al\u0131nmal\u0131d\u0131r. Bu ba\u011flamda Dergi; \u201cYay\u0131n Eti\u011fi\u201d, \u201cAra\u015ft\u0131rma Eti\u011fi\u201d ve \u201cYasal\/\u00d6zel \u0130zin Belgesi Al\u0131nmas\u0131\u201d ile ilgili yukar\u0131da an\u0131lan ulusal ve uluslararas\u0131 kurallara uymakta oldu\u011funu taahh\u00fct eder.<\/p>\n<div class=\"kt-blog-post__content\">\n<p>Y\u00fcksek\u00f6\u011fretim Kurulu Bilimsel Ara\u015ft\u0131rma ve Yay\u0131n Eti\u011fi Y\u00f6nergesi\u2019nin 8. maddesi uyar\u0131nca; bilimsel ara\u015ft\u0131rma ve yay\u0131n eti\u011fine ayk\u0131r\u0131 eylemler \u015funlard\u0131r:<\/p>\n<p>a) \u0130ntihal: Ba\u015fkalar\u0131n\u0131n fikirlerini, metotlar\u0131n\u0131, verilerini, uygulamalar\u0131n\u0131, yaz\u0131lar\u0131n\u0131, \u015fekillerini veya eserlerini sahiplerine bilimsel kurallara uygun bi\u00e7imde at\u0131f yapmadan k\u0131smen veya tamamen kendi eseriymi\u015f gibi sunmak.<br \/>\nb) Sahtecilik: Ara\u015ft\u0131rmaya dayanmayan veriler \u00fcretmek, sunulan veya yay\u0131nlanan eseri ger\u00e7ek olmayan verilere dayand\u0131rarak d\u00fczenlemek veya de\u011fi\u015ftirmek, bunlar\u0131 rapor etmek veya yay\u0131mlamak, yap\u0131lmam\u0131\u015f bir ara\u015ft\u0131rmay\u0131 yap\u0131lm\u0131\u015f gibi g\u00f6stermek.<br \/>\nc) \u00c7arp\u0131tma: Ara\u015ft\u0131rma kay\u0131tlar\u0131 ve elde edilen verileri tahrif etmek, ara\u015ft\u0131rmada kullan\u0131lmayan y\u00f6ntem, cihaz ve materyalleri kullan\u0131lm\u0131\u015f gibi g\u00f6stermek, ara\u015ft\u0131rma hipotezine uygun olmayan verileri de\u011ferlendirmeye almamak, ilgili teori veya varsay\u0131mlara uydurmak i\u00e7in veriler ve\/veya sonu\u00e7larla oynamak, destek al\u0131nan ki\u015fi ve kurulu\u015flar\u0131n \u00e7\u0131karlar\u0131 do\u011frultusunda ara\u015ft\u0131rma sonu\u00e7lar\u0131n\u0131 tahrif etmek veya \u015fekillendirmek.<br \/>\n\u00e7) Tekrar yay\u0131m: Bir ara\u015ft\u0131rman\u0131n ayn\u0131 sonu\u00e7lar\u0131n\u0131 i\u00e7eren birden fazla eseri do\u00e7entlik s\u0131nav\u0131 de\u011ferlendirmelerinde ve akademik terfilerde ayr\u0131 eserler olarak sunmak.<br \/>\nd) Dilimleme: Bir ara\u015ft\u0131rman\u0131n sonu\u00e7lar\u0131n\u0131 ara\u015ft\u0131rman\u0131n b\u00fct\u00fcnl\u00fc\u011f\u00fcn\u00fc bozacak \u015fekilde, uygun olmayan bi\u00e7imde par\u00e7alara ay\u0131rarak ve birbirine at\u0131f yapmadan \u00e7ok say\u0131da yay\u0131n yaparak do\u00e7entlik s\u0131nav\u0131 de\u011ferlendirmelerinde ve akademik terfilerde ayr\u0131 eserler olarak sunmak.<br \/>\ne) Haks\u0131z yazarl\u0131k: Aktif katk\u0131s\u0131 olmayan ki\u015fileri yazarlar aras\u0131na d\u00e2hil etmek, aktif katk\u0131s\u0131 olan ki\u015fileri yazarlar aras\u0131na d\u00e2hil etmemek, yazar s\u0131ralamas\u0131n\u0131 gerek\u00e7esiz ve uygun olmayan bir bi\u00e7imde de\u011fi\u015ftirmek, aktif katk\u0131s\u0131 olanlar\u0131n isimlerini yay\u0131m s\u0131ras\u0131nda veya sonraki bask\u0131larda eserden \u00e7\u0131karmak, aktif katk\u0131s\u0131 olmad\u0131\u011f\u0131 halde n\u00fcfuzunu kullanarak ismini yazarlar aras\u0131na d\u00e2hil ettirmek.<br \/>\nf) Di\u011fer etik ihlali t\u00fcrleri: Destek al\u0131narak y\u00fcr\u00fct\u00fclen ara\u015ft\u0131rmalar\u0131n yay\u0131nlar\u0131nda destek veren ki\u015fi, kurum veya kurulu\u015flar ile onlar\u0131n ara\u015ft\u0131rmadaki katk\u0131lar\u0131n\u0131 a\u00e7\u0131k bir bi\u00e7imde belirtmemek, insan ve hayvanlar \u00fczerinde yap\u0131lan ara\u015ft\u0131rmalarda etik kurallara uymamak, yay\u0131nlar\u0131nda hasta haklar\u0131na sayg\u0131 g\u00f6stermemek, hakem olarak incelemek \u00fczere g\u00f6revlendirildi\u011fi bir eserde yer alan bilgileri yay\u0131nlanmadan \u00f6nce ba\u015fkalar\u0131yla payla\u015fmak, bilimsel ara\u015ft\u0131rma i\u00e7in sa\u011flanan veya ayr\u0131lan kaynaklar\u0131, mek\u00e2nlar\u0131, imk\u00e2nlar\u0131 ve cihazlar\u0131 ama\u00e7 d\u0131\u015f\u0131 kullanmak, tamamen dayanaks\u0131z, yersiz ve kas\u0131tl\u0131 etik ihlali su\u00e7lamas\u0131nda bulunmak.<\/p>\n<h4><b>YAZARLARIN SORUMLULUKLARI<\/b><\/h4>\n<p>1. Etik Kurul izni gerektiren \u00e7al\u0131\u015fmalar i\u00e7in etik kurullardan ya da komisyonlardan gerekli izinlerin al\u0131nmas\u0131 ve bunlar\u0131n \u00e7al\u0131\u015fman\u0131n i\u00e7eri\u011finde belirtilmesi gerekmektedir. Bu izinlerin bulunmamas\u0131 durumunda yay\u0131n, \u00f6n inceleme a\u015famas\u0131nda yazara iade edilir. Etik Kurul izni gerektiren ara\u015ft\u0131rmalar a\u015fa\u011f\u0131daki gibidir:<br \/>\n\u2022 Anket, m\u00fclakat, odak grup \u00e7al\u0131\u015fmas\u0131, g\u00f6zlem, deney, g\u00f6r\u00fc\u015fme teknikleri kullan\u0131larak kat\u0131l\u0131mc\u0131lardan veri toplanmas\u0131n\u0131 gerektiren nitel ya da nicel yakla\u015f\u0131mlarla y\u00fcr\u00fct\u00fclen her t\u00fcrl\u00fc ara\u015ft\u0131rmalar,<br \/>\n\u2022 \u0130nsan ve hayvanlar\u0131n (materyal\/veriler d\u00e2hil) deneysel ya da di\u011fer bilimsel ama\u00e7larla kullan\u0131lmas\u0131,<br \/>\n\u2022 \u0130nsanlar \u00fczerinde yap\u0131lan klinik ara\u015ft\u0131rmalar,<br \/>\n\u2022 Hayvanlar \u00fczerinde yap\u0131lan ara\u015ft\u0131rmalar,<br \/>\n\u2022 Ki\u015fisel Verilerin Korunmas\u0131 Kanunu gere\u011fince retrospektif \u00e7al\u0131\u015fmalar.<br \/>\nAyr\u0131ca;<br \/>\n\u2022 Olgu sunumlar\u0131nda \u201cAyd\u0131nlat\u0131lm\u0131\u015f Onam Formu\u201dnun al\u0131nd\u0131\u011f\u0131n\u0131n belirtilmesi,<br \/>\n\u2022 Ba\u015fkalar\u0131na ait \u00f6l\u00e7ek, anket, foto\u011fraflar\u0131n kullan\u0131m\u0131 i\u00e7in sahiplerinden izin al\u0131nmas\u0131 ve belirtilmesi,<br \/>\n\u2022 Kullan\u0131lan fikir ve sanat eserleri i\u00e7in telif haklar\u0131 d\u00fczenlemelerine uyuldu\u011funun belirtilmesi,<br \/>\n\u2022 Makalelerde etik kurul izini ve\/veya yasal\/\u00f6zel izin al\u0131nmas\u0131n\u0131n gerekip gerekmedi\u011finin belirtilmesi,<br \/>\n\u2022 \u0130zinlerin al\u0131nmas\u0131 gerekli ise, iznin hangi kurumdan, hangi tarihte ve hangi karar veya say\u0131 numaras\u0131 ile al\u0131nd\u0131\u011f\u0131n\u0131n a\u00e7\u0131k\u00e7a belirtilmesi,<br \/>\ngerekmektedir.<br \/>\n2. G\u00f6nderilen \u00e7al\u0131\u015fmalar, yazar(lar)\u0131n \u00f6zg\u00fcn \u00e7al\u0131\u015fmas\u0131 olmal\u0131d\u0131r.<br \/>\n3. Birden fazla yazar taraf\u0131ndan yap\u0131lan \u00e7al\u0131\u015fmada ad\u0131 ge\u00e7en t\u00fcm yazarlar, g\u00f6nderilen ve yay\u0131nlanan \u00e7al\u0131\u015fma \u00fczerinde e\u015fit sorumlulu\u011fa sahiptir.<br \/>\n4. G\u00f6nderilen \u00e7al\u0131\u015fmalar daha \u00f6nce yay\u0131mlanmam\u0131\u015f olmal\u0131d\u0131r.<br \/>\n5. Olas\u0131 herhangi bir \u00e7\u0131kar \u00e7at\u0131\u015fmas\u0131 a\u00e7\u0131k\u00e7a belirtilmelidir.<br \/>\n6. \u0130ntihal ve sahte veri kullan\u0131m\u0131ndan ve ki\u015fisel veri niteli\u011findeki bilgilere metin i\u00e7inde a\u00e7\u0131k\u00e7a yer vermekten uzak durulmal\u0131d\u0131r.<br \/>\n7. Hakem de\u011ferlendirmeleri s\u0131ras\u0131nda, hakemler taraf\u0131ndan talep edildi\u011fi takdirde, ara\u015ft\u0131rmalara ili\u015fkin ham verilerin sunulmas\u0131 \u015fartt\u0131r.<\/p>\n<h4><b>HAKEMLER\u0130N SORUMLULUKLARI<\/b><\/h4>\n<p>1. \u00c7al\u0131\u015fmalar\u0131, \u00e7al\u0131\u015fman\u0131n bilimsel i\u00e7eri\u011fini esas alacak \u015fekilde de\u011ferlendirmek.<br \/>\n2. Yazar\u0131n cinsiyet, etnik k\u00f6ken, \u0131rk, din, tabiiyet veya siyasi de\u011fer veya tercihlerini, de\u011ferlendirmede olumlu yahut olumsuz \u015fekilde dikkate almamak; ay\u0131r\u0131mc\u0131l\u0131ktan uzak ve adil \u015fekilde de\u011ferlendirme yapmak.<br \/>\n3. De\u011ferlendirme i\u00e7in g\u00f6nderilen eserin i\u00e7eri\u011finin, bilimsel alan\u0131 ya da birikimi ile uyumsuz oldu\u011fu d\u00fc\u015f\u00fcn\u00fcld\u00fc\u011f\u00fcnde veya \u00f6nerilen s\u00fcre zarf\u0131nda h\u0131zl\u0131 bir de\u011ferlendirme yap\u0131lamayaca\u011f\u0131 durumlarda Edit\u00f6r\u2019\u00fc bilgilendirmek ve ilgili hakemli\u011fin yap\u0131lmas\u0131na y\u00f6nelik teklifi reddetmek.<br \/>\n4. De\u011ferlendirme s\u00fcrecinin gizlili\u011fine sayg\u0131 g\u00f6stermek. De\u011ferlendirilen esere ya da de\u011ferlendirme s\u00fcreci ve sonras\u0131na ili\u015fkin bilgileri \u00fc\u00e7\u00fcnc\u00fc ki\u015filerle payla\u015fmamak.<br \/>\n5. De\u011ferlendirme aktar\u0131mlar\u0131nda \u00fcslubun d\u00fc\u015fmanca, k\u0131\u015fk\u0131rt\u0131c\u0131 yahut k\u00fc\u00e7\u00fcmseyici olmamas\u0131na dikkat etmek, eseri ki\u015fiselle\u015ftirilmi\u015f yorumlardan uzak, nesnel ve yap\u0131c\u0131 bir \u00fcslupla de\u011ferlendirmek.<br \/>\n6. De\u011ferlendirme s\u00fcreci s\u0131ras\u0131nda \u00e7\u0131kar \u00e7at\u0131\u015fmas\u0131n\u0131n oldu\u011fu g\u00f6zlemlendi\u011fi takdirde, durumu gecikmeksizin Edit\u00f6r&#8217;e bildirmek.<br \/>\n7. Hakem de\u011ferlendirmesi yoluyla elde edilen bilgi ve\/veya fikirleri gizli tutmak. Ki\u015fisel avantaj i\u00e7in kullanmamak.<br \/>\n8. De\u011ferlendirmeye konu \u00e7al\u0131\u015fman\u0131n yay\u0131mlanmas\u0131na engel bir nedenin \u00f6\u011frenilmesi halinde, durumu Edit\u00f6r&#8217;e gecikmeksizin bildirmek. (Detayl\u0131 bilgi i\u00e7in bkz:\u00a0<a href=\"https:\/\/publicationethics.org\/files\/Peer%20review%20guidelines.pdf\">https:\/\/publicationethics.org\/files\/Peer%20review%20guidelines.pdf<\/a>)<\/p>\n<h4><b>ED\u0130T\u00d6R\u00dcN SORUMLULUKLARI<\/b><\/h4>\n<p>1. \u00c7al\u0131\u015fmalar\u0131 kabul ya da ret etmek.<br \/>\n2. B\u00fct\u00fcn \u00e7al\u0131\u015fmalar\u0131, bilimsel i\u00e7eri\u011fi temel alarak; yazar(lar)\u0131n cinsiyet, etnik k\u00f6ken, \u0131rk, din, t\u00e2biiyet veya siyasi de\u011ferlerini g\u00f6z \u00f6n\u00fcnde bulundurmaks\u0131z\u0131n, adil \u015fekilde de\u011ferlendirmek.<br \/>\n3. Kabul ya da ret edilen \u00e7al\u0131\u015fmalarla ilgili \u00e7\u0131kar \u00e7at\u0131\u015fmas\u0131 i\u00e7erisinde bulunmamak.<br \/>\n4. Yaln\u0131zca \u00f6zg\u00fcn ve alan\u0131na katk\u0131 sa\u011flayacak \u00e7al\u0131\u015fmalar\u0131 yay\u0131ma kabul etmek.<br \/>\n5. G\u00f6nderilen eserlerin en az iki hakem taraf\u0131ndan \u00e7ift k\u00f6r hakemlik sistemine g\u00f6re de\u011ferlendirilmesini sa\u011flamak ve hakemlerin gizli tutulmas\u0131na riayet etmek.<br \/>\n6. G\u00f6nderilen \u00e7al\u0131\u015fmalar ile ilgili payla\u015f\u0131lmamas\u0131 gereken t\u00fcm bilgileri gizli tutmak.<br \/>\n7. Dergi politikas\u0131 ve yay\u0131m kurallar\u0131na uymayan eksik ve hatal\u0131 \u00e7al\u0131\u015fmalar\u0131 hi\u00e7bir etki alt\u0131nda kalmadan reddetmek (Ayr\u0131nt\u0131l\u0131 bilgi i\u00e7in bkz:\u00a0<a href=\"https:\/\/publicationethics.org\/files\/2008%20Code%20of%20Conduct.pdf\">https:\/\/publicationethics.org\/files\/2008%20Code%20of%20Conduct.pdf<\/a>)<\/p>\n<h4><b>\u0130NT\u0130HAL VE ET\u0130K DI\u015eI DAVRANI\u015eLAR<\/b><\/h4>\n<p>EBY\u00dc-HFD\u2019ye g\u00f6nderilen t\u00fcm \u00e7al\u0131\u015fmalar, dergiparka y\u00fcklenmeden \u00f6nce Turnitin (<a href=\"https:\/\/www.turnitin.com\/\">https:\/\/www.turnitin.com\/<\/a>), Ithenticate,\u00a0\u0130ntihal.net vb.\u00a0\u00a0yaz\u0131l\u0131m program\u0131 ile taranmal\u0131d\u0131r. Benzerlik oran\u0131, % 25&#8217;in \u00fczerinde (<b>k<\/b><b>aynak\u00e7a<\/b>\u00a0-bibliography excluded;\u00a0<b>t\u0131rnak i\u00e7ine al\u0131nm\u0131\u015f al\u0131nt\u0131lar<\/b>\u00a0-quotes excluded ve\u00a0<b>7 kelimeden daha az \u00f6rt\u00fc\u015fme i\u00e7eren metin k\u0131s\u0131mlar\u0131<\/b>-limit match size to 7 words\u00a0<b>hari\u00e7 tutulmal\u0131<\/b>)\u00a0olan \u00e7al\u0131\u015fmalar yay\u0131na kabul edilmez.<br \/>\nA\u015fa\u011f\u0131da etik d\u0131\u015f\u0131 baz\u0131 davran\u0131\u015flar listelenmi\u015ftir:<br \/>\n\u2022 \u00c7al\u0131\u015fmaya fikren katk\u0131da bulunmayan ki\u015filerin yazar olarak belirtilmesi.<br \/>\n\u2022 \u00c7al\u0131\u015fmaya fikren katk\u0131da bulunan ki\u015filerin yazar olarak belirtilmemesi.<br \/>\n\u2022 \u00c7al\u0131\u015fma yazar\u0131n y\u00fcksek lisans\/doktora tezinden ya da bir projeden \u00fcretilmi\u015fse bu durumun belirtilmemesi.<br \/>\n\u2022 Dilimleme yap\u0131lmas\u0131, tek bir \u00e7al\u0131\u015fmadan birden fazla \u00e7al\u0131\u015fma yay\u0131mlanmas\u0131.<br \/>\n\u2022 G\u00f6nderilen \u00e7al\u0131\u015fmalara ili\u015fkin \u00e7\u0131kar \u00e7at\u0131\u015fmalar\u0131n\u0131n bildirilmemesi.<br \/>\n\u2022 \u00c7ift tarafl\u0131 k\u00f6r hakemlik s\u00fcrecinin de\u015fifre edilmesi.<br \/>\nOkuyucu, EBY\u00dc-HFD\u2019de yay\u0131mlanan bir \u00e7al\u0131\u015fmada \u00f6nemli bir hata ya da eksiklik fark etti\u011finde ya da edit\u00f6ryal faaliyetler konusunda bir aksakl\u0131k tespit etti\u011fi takdirde (intihal, yinelenen makaleler vb.)\u00a0<a href=\"mailto:%20dergihukuk@erzincan.edu.tr\">dergihukuk@erzincan.edu.tr<\/a>\u00a0adresine e-posta g\u00f6ndermek suretiyle Dergi\u2019ye bildirimde bulunabilir.<\/p>\n<\/div>\n<p>&nbsp;<\/p>\n<h1 class=\"kt-blog-post__title kt-heading kt-heading--lg kt-heading--medium\" style=\"text-align: center;\">Ethical Principles and Publication Policy<\/h1>\n<div class=\"kt-blog-post__content\">\n<p>The Scientific Research and Publication Ethics Directive of the Council of Higher Education and the International Standards for Editors and Authors of Committee on Publication Ethics should be considered in the scientific studies submitted to the ErLR. In this respect, the Journal assures upon to comply with the above-mentioned national and international rules regarding the \u201cPublication Ethics, Research Ethics and Obtaining Legal\/Special Permission\u201d. In accordance with Article 8 of the Scientific Research and Publication Ethics Directive of the Council of Higher Education, acts against scientific research and publication ethics are as follows:<br \/>\na) Plagiarism: Presenting the ideas, methods, data, practices, writings, figures or works of others as fully or partly their own work, without giving any references in accordance with scientific rules.<br \/>\nb) Forgery: To produce the data that is not based on any research, to edit or change the presented or published work based on untrue data, to report or publish them, to present an unfinished research as if it has been complete.<br \/>\nc) Distortion: To forge research records and obtained data; to present methods, devices and materials that are not used in the research as if they have been used; to contain the data that are not suitable for the research hypothesis; to manipulate the data and\/or results in order to fit the relevant theory or assumptions; to forge or shape research results in their own interests.<br \/>\n\u00e7) Republishing: To indicate more than one work containing the same results of a research as if all of them are separate works in associate professor examination evaluations or in academic promotions.<br \/>\nd) Slicing (Salami-Slicing): Publishing parts of a study in multiple papers instead of providing the full story in a single paper and applying with these multiple papers to the academic promotion by dividing the results of a research in a way that violates the integrity of the research.<br \/>\ne) Unfair authorship: Including people who do not have any contributions in the work; not including those who contribute actively among the authors, inappropriately changing the order of authors without any justification, removing the names of those who contributed actively from the work at the time of publication or in subsequent editions; to include his name among the authors by abusing his\/her official influence.<br \/>\nf) Other Types of Ethical Violations: Not giving any references about the supporting institutions, organizations or contributors in the publication of a supported research; not abiding by the ethical rules in research on humans or animals; not respecting the rights of patients in the publications; to share information about the submitted study before it is published as an assigned referee on this submitted study; to misuse the resources, places, facilities and devices provided or reserved for a scientific research; to make intentionally a false, baseless, groundless ethical violation accusation against somebody.<\/p>\n<p><b>RESPONSIBILITIES OF THE AUTHORS<\/b><br \/>\n1. For academic studies that require the permission of the Ethics Committee, necessary permissions should be obtained from the ethics committees and these should be stated in the content of the study. In the absence of these permissions, the publication is returned to the author at the preliminary examination stage. Studies that require the approval of the Ethics Committee are as follows:<br \/>\n\u2022 All kinds of research conducted with qualitative or quantitative approaches that require data collection from the participants by using survey, interview, focus group work, observation, experiment, interview techniques,<br \/>\n\u2022 The use of humans and animals (including material\/data) for experimental or other scientific purposes,<br \/>\n\u2022 Clinical studies on humans,<br \/>\n\u2022 Research on animals,<br \/>\n\u2022 Retrospective studies in accordance with the Personal Data Protection Law.<br \/>\nMoreover;<br \/>\n\u2022 Indicating that \u201cInformed Consent Form\u201d was received in case reports,<br \/>\n\u2022 Obtaining and specifying permission from the owners for the use of scales, questionnaires, photographs belonging to others,<br \/>\n\u2022 Indication of compliance with copyright regulations for the intellectual and artistic works used,<br \/>\n\u2022 Specifying whether ethics committee permission and\/or legal\/special permission is required in articles,<br \/>\n\u2022 If it is necessary to obtain permissions, it should be clearly stated from which institution, on which date and with which decision or number the permission was obtained,<br \/>\n2. Submitted works must be the original work of the author(s).<br \/>\n3. All authors mentioned in the study by more than one author have equal responsibility for the submitted and published work.<br \/>\n4. Submitted works must not have been previously published.<br \/>\n5. Any potential conflict of interest should be clearly disclosed.<br \/>\n6. The use of plagiarism and fake data and the use of personal data in the text should be avoided.<br \/>\n7. During peer-reviews, if requested by the referees, raw data on research must be submitted.<\/p>\n<p><b>RESPONSIBILITIES OF REFEREES<\/b><br \/>\n1. Evaluating studies on the basis of the scientific content of the study.<br \/>\n2. Not to consider the author&#8217;s gender, ethnicity, race, religion, nationality or political values or preferences in the evaluation; evaluating submitted papers fairly and without discrimination.<br \/>\n3. Informing the Editor when the content of the work sent for review is thought to be incompatible with its scientific field or background, or when the review cannot be made within the recommended time.<br \/>\n4. Respect the confidentiality of the evaluation process. Not to share information about the reviewed work or the peer-review process with third parties.<br \/>\n5. To make sure that the style\/wording is not hostile, provocative or condescending, and reviewing the submitted work in an objective and constructive manner, away from personalized interpretations.<br \/>\n6. If a conflict of interest is observed during the peer-review process, notifying the Editor without delay.<br \/>\n7. To keep confidential information and\/or ideas obtained through peer-review, not to use it for personal advantage.<br \/>\n8. In case of any situation that inhibits from publishing of the reviewed study, informing the Editor without delay. (For detailed information, see:\u00a0<a href=\"https:\/\/publicationethics.org\/files\/Peer%20review%20guidelines.pdf)\">https:\/\/publicationethics.org\/files\/Peer%20review%20guidelines.pdf)<\/a><\/p>\n<p><b>EDITOR&#8217;S RESPONSIBILITIES<\/b><br \/>\n1. To accept or reject submitted manuscript.<br \/>\n2. Reviewing all papers on the basis of scientific content and fairly; regardless of gender, ethnicity, race, religion, nationality or political values of authors.<br \/>\n3. Not to have a conflict of interest regarding accepted or rejected studies.<br \/>\n4. To accept for publication only original studies that will contribute to the field.<br \/>\n5. To ensure that the submitted works are reviewed by at least two referees according to the double-blind refereeing system and to comply with the confidentiality of the referees.<br \/>\n6. To keep confidential all information about the submitted works that should not be shared.<br \/>\n7. Rejecting incomplete and incorrect works that do not comply with the journal policy and publication rules without any effect (For detailed information, see: https:\/\/publicationethics.org\/files\/2008%20Code%20of%20Conduct.pdf)<br \/>\nPlagiarism and Unethical Behaviors<br \/>\nAll studies submitted to the Journal should be scanned with software program such as Turnitin (https:\/\/www.turnitin.com\/), Ithenticate, \u0130ntihalnet etc. before uploading to the dergipark. Studies with a similarity rate above 25% (bibliography, quotes and text with less than 7 words should be excluded) will not be accepted for publication.<\/p>\n<p><b>Listed below are some unethical behaviors:<\/b><br \/>\n\u2022 Representing people who do not contribute intellectually to the study as authors.<br \/>\n\u2022 Not specifying the people who contributed intellectually to the study as authors.<br \/>\n\u2022 Not specifying if the study was produced from the author&#8217;s master&#8217;s\/doctoral thesis or a project.<br \/>\n\u2022 Slicing, publishing more than one study from a single study.<br \/>\n\u2022 Disclosure of conflicts of interest regarding submitted works<\/p>\n<\/div>\n","protected":false},"excerpt":{"rendered":"<p>Etik \u0130lkeler ve Yay\u0131n Politikas\u0131 Erzincan Binali Y\u0131ld\u0131r\u0131m \u00dcniversitesi Hukuk Fak\u00fcltesi Dergisi\u2019ne (EBY\u00dc-HFD) g\u00f6nderilen bilimsel \u00e7al\u0131\u015fmalarda, Y\u00fcksek\u00f6\u011fretim Kurulu Bilimsel Ara\u015ft\u0131rma ve Yay\u0131n Eti\u011fi Y\u00f6nergesi ve COPE (Committee on Publication Ethics)\u2019un Edit\u00f6r ve Yazarlar i\u00e7in Uluslararas\u0131 Standartlar\u0131 dikkate al\u0131nmal\u0131d\u0131r. Bu ba\u011flamda Dergi; \u201cYay\u0131n Eti\u011fi\u201d, \u201cAra\u015ft\u0131rma Eti\u011fi\u201d ve \u201cYasal\/\u00d6zel \u0130zin Belgesi Al\u0131nmas\u0131\u201d ile ilgili yukar\u0131da an\u0131lan ulusal\u2026 <span class=\"read-more\"><a href=\"https:\/\/hukukdergi.ebyu.edu.tr\/?page_id=2828\">Read More &raquo;<\/a><\/span><\/p>\n","protected":false},"author":7,"featured_media":0,"parent":0,"menu_order":0,"comment_status":"closed","ping_status":"closed","template":"","meta":{"footnotes":""},"class_list":["post-2828","page","type-page","status-publish","hentry"],"_links":{"self":[{"href":"https:\/\/hukukdergi.ebyu.edu.tr\/index.php?rest_route=\/wp\/v2\/pages\/2828","targetHints":{"allow":["GET"]}}],"collection":[{"href":"https:\/\/hukukdergi.ebyu.edu.tr\/index.php?rest_route=\/wp\/v2\/pages"}],"about":[{"href":"https:\/\/hukukdergi.ebyu.edu.tr\/index.php?rest_route=\/wp\/v2\/types\/page"}],"author":[{"embeddable":true,"href":"https:\/\/hukukdergi.ebyu.edu.tr\/index.php?rest_route=\/wp\/v2\/users\/7"}],"replies":[{"embeddable":true,"href":"https:\/\/hukukdergi.ebyu.edu.tr\/index.php?rest_route=%2Fwp%2Fv2%2Fcomments&post=2828"}],"version-history":[{"count":8,"href":"https:\/\/hukukdergi.ebyu.edu.tr\/index.php?rest_route=\/wp\/v2\/pages\/2828\/revisions"}],"predecessor-version":[{"id":3150,"href":"https:\/\/hukukdergi.ebyu.edu.tr\/index.php?rest_route=\/wp\/v2\/pages\/2828\/revisions\/3150"}],"wp:attachment":[{"href":"https:\/\/hukukdergi.ebyu.edu.tr\/index.php?rest_route=%2Fwp%2Fv2%2Fmedia&parent=2828"}],"curies":[{"name":"wp","href":"https:\/\/api.w.org\/{rel}","templated":true}]}}