{"id":2834,"date":"2021-06-15T15:17:01","date_gmt":"2021-06-15T12:17:01","guid":{"rendered":"https:\/\/hukukdergi.ebyu.edu.tr\/?page_id=2834"},"modified":"2024-02-11T00:44:17","modified_gmt":"2024-02-10T21:44:17","slug":"ucret-politikasi","status":"publish","type":"page","link":"https:\/\/hukukdergi.ebyu.edu.tr\/?page_id=2834","title":{"rendered":"\u00dccret Politikas\u0131"},"content":{"rendered":"<h1 class=\"kt-blog-post__title kt-heading kt-heading--lg kt-heading--medium\" style=\"text-align: center;\">\u00dccret Politikas\u0131<\/h1>\n<div class=\"kt-blog-post__content\">\n<p>Hi\u00e7bir ad alt\u0131nda yazar veya kurumundan \u00fccret al\u0131nmaz.<\/p>\n<p>Derginin t\u00fcm giderleri, Erzincan Binali Y\u0131ld\u0131r\u0131m \u00dcniversitesi taraf\u0131ndan kar\u015f\u0131lan\u0131r. Dergide makale ve di\u011fer \u00e7al\u0131\u015fmalar\u0131n yay\u0131n\u0131 ve s\u00fcre\u00e7lerinin y\u00fcr\u00fct\u00fclmesi \u00fccrete tabi de\u011fildir. Dergiye g\u00f6nderilen ya da yay\u0131n i\u00e7in kabul edilen \u00e7al\u0131\u015fmalar i\u00e7in i\u015flemleme \u00fccreti ya da g\u00f6nderim \u00fccreti al\u0131nmaz.<\/p>\n<h1 class=\"kt-blog-post__title kt-heading kt-heading--lg kt-heading--medium\" style=\"text-align: center;\">Price Policy<\/h1>\n<div class=\"kt-blog-post__content\">\n<p>No fee is charged from the author or institution under any name.<\/p>\n<p>All expenses of the journal are covered by Erzincan Binali Y\u0131ld\u0131r\u0131m University. The publication of articles and other studies in the journal and the execution of the processes are not subject to a fee. No processing fee or submission fee is charged for studies submitted to the journal or accepted for publication.<\/p>\n<\/div>\n<\/div>\n","protected":false},"excerpt":{"rendered":"<p>\u00dccret Politikas\u0131 Hi\u00e7bir ad alt\u0131nda yazar veya kurumundan \u00fccret al\u0131nmaz. Derginin t\u00fcm giderleri, Erzincan Binali Y\u0131ld\u0131r\u0131m \u00dcniversitesi taraf\u0131ndan kar\u015f\u0131lan\u0131r. Dergide makale ve di\u011fer \u00e7al\u0131\u015fmalar\u0131n yay\u0131n\u0131 ve s\u00fcre\u00e7lerinin y\u00fcr\u00fct\u00fclmesi \u00fccrete tabi de\u011fildir. Dergiye g\u00f6nderilen ya da yay\u0131n i\u00e7in kabul edilen \u00e7al\u0131\u015fmalar i\u00e7in i\u015flemleme \u00fccreti ya da g\u00f6nderim \u00fccreti al\u0131nmaz. Price Policy No fee is charged from\u2026 <span class=\"read-more\"><a href=\"https:\/\/hukukdergi.ebyu.edu.tr\/?page_id=2834\">Read More &raquo;<\/a><\/span><\/p>\n","protected":false},"author":7,"featured_media":0,"parent":0,"menu_order":0,"comment_status":"closed","ping_status":"closed","template":"","meta":{"footnotes":""},"class_list":["post-2834","page","type-page","status-publish","hentry"],"_links":{"self":[{"href":"https:\/\/hukukdergi.ebyu.edu.tr\/index.php?rest_route=\/wp\/v2\/pages\/2834","targetHints":{"allow":["GET"]}}],"collection":[{"href":"https:\/\/hukukdergi.ebyu.edu.tr\/index.php?rest_route=\/wp\/v2\/pages"}],"about":[{"href":"https:\/\/hukukdergi.ebyu.edu.tr\/index.php?rest_route=\/wp\/v2\/types\/page"}],"author":[{"embeddable":true,"href":"https:\/\/hukukdergi.ebyu.edu.tr\/index.php?rest_route=\/wp\/v2\/users\/7"}],"replies":[{"embeddable":true,"href":"https:\/\/hukukdergi.ebyu.edu.tr\/index.php?rest_route=%2Fwp%2Fv2%2Fcomments&post=2834"}],"version-history":[{"count":7,"href":"https:\/\/hukukdergi.ebyu.edu.tr\/index.php?rest_route=\/wp\/v2\/pages\/2834\/revisions"}],"predecessor-version":[{"id":3271,"href":"https:\/\/hukukdergi.ebyu.edu.tr\/index.php?rest_route=\/wp\/v2\/pages\/2834\/revisions\/3271"}],"wp:attachment":[{"href":"https:\/\/hukukdergi.ebyu.edu.tr\/index.php?rest_route=%2Fwp%2Fv2%2Fmedia&parent=2834"}],"curies":[{"name":"wp","href":"https:\/\/api.w.org\/{rel}","templated":true}]}}