{"id":2837,"date":"2021-06-15T15:17:52","date_gmt":"2021-06-15T12:17:52","guid":{"rendered":"https:\/\/hukukdergi.ebyu.edu.tr\/?page_id=2837"},"modified":"2022-12-24T23:28:44","modified_gmt":"2022-12-24T20:28:44","slug":"telif-hakki-politikasi","status":"publish","type":"page","link":"https:\/\/hukukdergi.ebyu.edu.tr\/?page_id=2837","title":{"rendered":"Telif Hakk\u0131 Politikas\u0131"},"content":{"rendered":"<h1 class=\"kt-blog-post__title kt-heading kt-heading--lg kt-heading--medium\" style=\"text-align: center;\">Telif Hakk\u0131 Politikas\u0131 ve Formu<\/h1>\n<div class=\"kt-blog-post__content\">\n<p>Yazarlar Erzincan Binali Y\u0131ld\u0131r\u0131m \u00dcniversitesi Hukuk Fak\u00fcltesi Dergisi\u2019nde (EBY\u00dc-HFD) yay\u0131nlanan fikri eserlerini,\u00a0<a href=\"https:\/\/creativecommons.org\/licenses\/by-nc\/4.0\/deed.tr\"><b>Creative Commons GayriTicari 4.0 Uluslararas\u0131 (CC BY-NC 4.0)<\/b><\/a>\u00a0lisans\u0131 ile yay\u0131nlamas\u0131na izin verirler. Bu lisans; yay\u0131nlanan t\u00fcm makaleleri, veri setlerini, grafik ve ekleri kaynak g\u00f6stermek \u015fart\u0131yla veri madencili\u011fi uygulamalar\u0131nda, arama motorlar\u0131nda, web sitelerinde, bloglarda ve di\u011fer t\u00fcm platformlarda \u00e7o\u011faltma, payla\u015fma ve yayma hakk\u0131 tan\u0131r. A\u00e7\u0131k eri\u015fim disiplinler aras\u0131 ileti\u015fimi kolayla\u015ft\u0131ran, farkl\u0131 disiplinlerin birbirleriyle \u00e7al\u0131\u015fabilmesini te\u015fvik eden bir yakla\u015f\u0131md\u0131r. Erzincan Binali Y\u0131ld\u0131r\u0131m \u00dcniversitesi Hukuk Fak\u00fcltesi Dergisi bu do\u011frultuda makalelerine daha \u00e7ok eri\u015fim ve daha \u015feffaf bir de\u011ferlendirme s\u00fcreci sunarak kendi alan\u0131na katma de\u011fer sa\u011flamaktad\u0131r.<\/p>\n<p>Telif hakk\u0131 formunu indirmek i\u00e7in\u00a0<a href=\"https:\/\/dergipark.org.tr\/tr\/download\/journal-file\/25831\">t\u0131klay\u0131n\u0131z<\/a>.<\/p>\n<\/div>\n<hr \/>\n<h1 class=\"kt-blog-post__title kt-heading kt-heading--lg kt-heading--medium\" style=\"text-align: center;\">Copyright Notice<\/h1>\n<div class=\"kt-blog-post__content\">\n<p>Authors agree that Erzincan Law Review (ErLR) will publish the content under\u00a0Creative Commons GayriTicari 4.0 Uluslararas\u0131 (CC BY-NC 4.0)\u00a0license. This license entitles all parties to copy, share and redistribute all the articles, data sets, figures and supplementary files published in this journal in data mining, search engines, web sites, blogs and other digital platforms under the condition of providing references. Open access is an approach that eases the interdisciplinary communication and encourages cooperation among different disciplines. Erzincan Law Review, therefore, contributes to its own field by providing more access to its articles and a more transparent review process.<\/p>\n<\/div>\n","protected":false},"excerpt":{"rendered":"<p>Telif Hakk\u0131 Politikas\u0131 ve Formu Yazarlar Erzincan Binali Y\u0131ld\u0131r\u0131m \u00dcniversitesi Hukuk Fak\u00fcltesi Dergisi\u2019nde (EBY\u00dc-HFD) yay\u0131nlanan fikri eserlerini,\u00a0Creative Commons GayriTicari 4.0 Uluslararas\u0131 (CC BY-NC 4.0)\u00a0lisans\u0131 ile yay\u0131nlamas\u0131na izin verirler. Bu lisans; yay\u0131nlanan t\u00fcm makaleleri, veri setlerini, grafik ve ekleri kaynak g\u00f6stermek \u015fart\u0131yla veri madencili\u011fi uygulamalar\u0131nda, arama motorlar\u0131nda, web sitelerinde, bloglarda ve di\u011fer t\u00fcm platformlarda \u00e7o\u011faltma, payla\u015fma\u2026 <span class=\"read-more\"><a href=\"https:\/\/hukukdergi.ebyu.edu.tr\/?page_id=2837\">Read More &raquo;<\/a><\/span><\/p>\n","protected":false},"author":7,"featured_media":0,"parent":0,"menu_order":0,"comment_status":"closed","ping_status":"closed","template":"","meta":{"footnotes":""},"class_list":["post-2837","page","type-page","status-publish","hentry"],"_links":{"self":[{"href":"https:\/\/hukukdergi.ebyu.edu.tr\/index.php?rest_route=\/wp\/v2\/pages\/2837","targetHints":{"allow":["GET"]}}],"collection":[{"href":"https:\/\/hukukdergi.ebyu.edu.tr\/index.php?rest_route=\/wp\/v2\/pages"}],"about":[{"href":"https:\/\/hukukdergi.ebyu.edu.tr\/index.php?rest_route=\/wp\/v2\/types\/page"}],"author":[{"embeddable":true,"href":"https:\/\/hukukdergi.ebyu.edu.tr\/index.php?rest_route=\/wp\/v2\/users\/7"}],"replies":[{"embeddable":true,"href":"https:\/\/hukukdergi.ebyu.edu.tr\/index.php?rest_route=%2Fwp%2Fv2%2Fcomments&post=2837"}],"version-history":[{"count":3,"href":"https:\/\/hukukdergi.ebyu.edu.tr\/index.php?rest_route=\/wp\/v2\/pages\/2837\/revisions"}],"predecessor-version":[{"id":3153,"href":"https:\/\/hukukdergi.ebyu.edu.tr\/index.php?rest_route=\/wp\/v2\/pages\/2837\/revisions\/3153"}],"wp:attachment":[{"href":"https:\/\/hukukdergi.ebyu.edu.tr\/index.php?rest_route=%2Fwp%2Fv2%2Fmedia&parent=2837"}],"curies":[{"name":"wp","href":"https:\/\/api.w.org\/{rel}","templated":true}]}}